{"id":30,"date":"2016-11-23T10:17:09","date_gmt":"2016-11-23T12:17:09","guid":{"rendered":"http:\/\/patriciainnocenti.com\/?page_id=30"},"modified":"2023-05-16T10:18:15","modified_gmt":"2023-05-16T13:18:15","slug":"contato","status":"publish","type":"page","link":"https:\/\/patriciainnocenti.com\/es\/contato\/","title":{"rendered":"Contacto"},"content":{"rendered":"<div id=\"pl-30\"  class=\"panel-layout\" ><div id=\"pg-30-0\"  class=\"panel-grid panel-has-style\" ><div class=\"siteorigin-panels-stretch panel-row-style-full-width panel-row-style panel-row-style-for-30-0\" data-stretch-type=\"full\" ><div id=\"pgc-30-0-0\"  class=\"panel-grid-cell panel-grid-cell-empty\" ><\/div><div id=\"pgc-30-0-1\"  class=\"panel-grid-cell\" ><div id=\"panel-30-0-1-0\" class=\"so-panel widget widget_sow-image panel-first-child panel-last-child\" data-index=\"0\" ><div class=\"panel-widget-style panel-widget-style-for-30-0-1-0\" ><div\n\t\t\t\n\t\t\tclass=\"so-widget-sow-image so-widget-sow-image-default-58576722bc06-30\"\n\t\t\t\n\t\t>\n\n<div class=\"sow-image-container\">\n\t\t<img src=\"https:\/\/patriciainnocenti.com\/wp-content\/uploads\/2016\/11\/contato_560.png\" width=\"560\" height=\"747\" srcset=\"https:\/\/patriciainnocenti.com\/wp-content\/uploads\/2016\/11\/contato_560.png 560w, https:\/\/patriciainnocenti.com\/wp-content\/uploads\/2016\/11\/contato_560-225x300.png 225w\" sizes=\"(max-width: 560px) 100vw, 560px\" alt=\"\" loading=\"lazy\" \t\tclass=\"so-widget-image\"\/>\n\t<\/div>\n\n<\/div><\/div><\/div><\/div><div id=\"pgc-30-0-2\"  class=\"panel-grid-cell panel-grid-cell-mobile-last\" ><div id=\"panel-30-0-2-0\" class=\"so-panel widget widget_sow-editor panel-first-child\" data-index=\"1\" ><div\n\t\t\t\n\t\t\tclass=\"so-widget-sow-editor so-widget-sow-editor-base\"\n\t\t\t\n\t\t>\n<div class=\"siteorigin-widget-tinymce textwidget\">\n\t<p>Para obtener m\u00e1s informaci\u00f3n p\u00f3ngase en contacto:<\/p>\n<p>Tel\u00e9fono\/Whatsapp: + 55 11 99966-6910<\/p>\n\n<div class=\"wpcf7 no-js\" id=\"wpcf7-f40-o1\" lang=\"pt-BR\" dir=\"ltr\">\n<div class=\"screen-reader-response\"><p role=\"status\" aria-live=\"polite\" aria-atomic=\"true\"><\/p> <ul><\/ul><\/div>\n<form action=\"\/es\/wp-json\/wp\/v2\/pages\/30#wpcf7-f40-o1\" method=\"post\" class=\"wpcf7-form init\" aria-label=\"Formul\u00e1rios de contato\" novalidate=\"novalidate\" data-status=\"init\">\n<div style=\"display: none;\">\n<input type=\"hidden\" name=\"_wpcf7\" value=\"40\" \/>\n<input type=\"hidden\" name=\"_wpcf7_version\" value=\"5.7.7\" \/>\n<input type=\"hidden\" name=\"_wpcf7_locale\" value=\"pt_BR\" \/>\n<input type=\"hidden\" name=\"_wpcf7_unit_tag\" value=\"wpcf7-f40-o1\" \/>\n<input type=\"hidden\" name=\"_wpcf7_container_post\" value=\"0\" \/>\n<input type=\"hidden\" name=\"_wpcf7_posted_data_hash\" value=\"\" \/>\n<\/div>\n<p><label><span class=\"wpcf7-form-control-wrap\" data-name=\"your-name\"><input size=\"40\" class=\"wpcf7-form-control wpcf7-text wpcf7-validates-as-required\" aria-required=\"true\" aria-invalid=\"false\" placeholder=\"Nombre\" value=\"\" type=\"text\" name=\"your-name\" \/><\/span><\/label>\n<\/p>\n<p><label><span class=\"wpcf7-form-control-wrap\" data-name=\"your-email\"><input size=\"40\" class=\"wpcf7-form-control wpcf7-text wpcf7-email wpcf7-validates-as-required wpcf7-validates-as-email\" aria-required=\"true\" aria-invalid=\"false\" placeholder=\"Email\" value=\"\" type=\"email\" name=\"your-email\" \/><\/span><\/label>\n<\/p>\n<p><label><span class=\"wpcf7-form-control-wrap\" data-name=\"your-subject\"><input size=\"40\" class=\"wpcf7-form-control wpcf7-text\" aria-invalid=\"false\" placeholder=\"Sujeto\" value=\"\" type=\"text\" name=\"your-subject\" \/><\/span> <\/label>\n<\/p>\n<p><label><span class=\"wpcf7-form-control-wrap\" data-name=\"your-message\"><textarea cols=\"40\" rows=\"10\" class=\"wpcf7-form-control wpcf7-textarea\" aria-invalid=\"false\" placeholder=\"Mensaje\" name=\"your-message\"><\/textarea><\/span> <\/label>\n<\/p>\n<p><input class=\"wpcf7-form-control has-spinner wpcf7-submit\" type=\"submit\" value=\"Enviar\" \/>\n<\/p><div class=\"wpcf7-response-output\" aria-hidden=\"true\"><\/div>\n<\/form>\n<\/div>\n\n<\/div>\n<\/div><\/div><div id=\"panel-30-0-2-1\" class=\"so-panel widget widget_vantage-social-media panel-last-child\" data-index=\"2\" ><div class=\"contact-social panel-widget-style panel-widget-style-for-30-0-2-1\" ><a class=\"social-media-icon social-media-icon-facebook social-media-icon-size-small\" href=\"https:\/\/www.facebook.com\/Patricia-Innocenti-Photography-250832905112763\/\" title=\"Patricia Innocenti Photography Facebook\" target=\"_blank\"><span class=\"fa fa-facebook\"><\/span><\/a><a class=\"social-media-icon social-media-icon-twitter social-media-icon-size-small\" href=\"http:\/\/www.twitter.com\/patinnocenti\" title=\"Patricia Innocenti Photography Twitter\" target=\"_blank\"><span class=\"fa fa-twitter\"><\/span><\/a><a class=\"social-media-icon social-media-icon-linkedin social-media-icon-size-small\" href=\"https:\/\/www.linkedin.com\/in\/patricia-innocenti-37696577\" title=\"Patricia Innocenti Photography LinkedIn\" target=\"_blank\"><span class=\"fa fa-linkedin\"><\/span><\/a><a class=\"social-media-icon social-media-icon-500px social-media-icon-size-small\" href=\"https:\/\/500px.com\/patriciainnocenti\" title=\"Patricia Innocenti Photography 500px\" target=\"_blank\"><span class=\"fa fa-500px\"><\/span><\/a><a class=\"social-media-icon social-media-icon-instagram social-media-icon-size-small\" href=\"http:\/\/www.instagram.com\/PatriciaInnocenti\" title=\"Patricia Innocenti Photography Instagram\" target=\"_blank\"><span class=\"fa fa-instagram\"><\/span><\/a><\/div><\/div><\/div><div id=\"pgc-30-0-3\"  class=\"panel-grid-cell panel-grid-cell-empty\" ><\/div><\/div><\/div><\/div>","protected":false},"excerpt":{"rendered":"<p>Para obtener m\u00e1s informaci\u00f3n p\u00f3ngase en contacto: Tel\u00e9fono\/Whatsapp: + 55 11 99966-6910<\/p>\n","protected":false},"author":16531,"featured_media":0,"parent":0,"menu_order":0,"comment_status":"closed","ping_status":"closed","template":"templates\/template-full.php","meta":[],"_links":{"self":[{"href":"https:\/\/patriciainnocenti.com\/es\/wp-json\/wp\/v2\/pages\/30"}],"collection":[{"href":"https:\/\/patriciainnocenti.com\/es\/wp-json\/wp\/v2\/pages"}],"about":[{"href":"https:\/\/patriciainnocenti.com\/es\/wp-json\/wp\/v2\/types\/page"}],"author":[{"embeddable":true,"href":"https:\/\/patriciainnocenti.com\/es\/wp-json\/wp\/v2\/users\/16531"}],"replies":[{"embeddable":true,"href":"https:\/\/patriciainnocenti.com\/es\/wp-json\/wp\/v2\/comments?post=30"}],"version-history":[{"count":36,"href":"https:\/\/patriciainnocenti.com\/es\/wp-json\/wp\/v2\/pages\/30\/revisions"}],"predecessor-version":[{"id":2557,"href":"https:\/\/patriciainnocenti.com\/es\/wp-json\/wp\/v2\/pages\/30\/revisions\/2557"}],"wp:attachment":[{"href":"https:\/\/patriciainnocenti.com\/es\/wp-json\/wp\/v2\/media?parent=30"}],"curies":[{"name":"wp","href":"https:\/\/api.w.org\/{rel}","templated":true}]}}