{"id":2558,"date":"2023-05-16T13:30:58","date_gmt":"2023-05-16T16:30:58","guid":{"rendered":"http:\/\/patriciainnocenti.com\/?page_id=2558"},"modified":"2023-06-07T17:11:56","modified_gmt":"2023-06-07T20:11:56","slug":"quadros-fine-art","status":"publish","type":"page","link":"https:\/\/patriciainnocenti.com\/es\/quadros-fine-art\/","title":{"rendered":"Quadros Fine Art"},"content":{"rendered":"<div id=\"pl-2558\"  class=\"panel-layout\" ><div id=\"pg-2558-0\"  class=\"panel-grid panel-no-style\" ><div id=\"pgc-2558-0-0\"  class=\"panel-grid-cell panel-grid-cell-empty\" ><\/div><div id=\"pgc-2558-0-1\"  class=\"panel-grid-cell\" ><div id=\"panel-2558-0-1-0\" class=\"so-panel widget widget_sow-editor panel-first-child panel-last-child\" data-index=\"0\" ><div\n\t\t\t\n\t\t\tclass=\"so-widget-sow-editor so-widget-sow-editor-base\"\n\t\t\t\n\t\t>\n<div class=\"siteorigin-widget-tinymce textwidget\">\n\t<\/div>\n<\/div><\/div><\/div><div id=\"pgc-2558-0-2\"  class=\"panel-grid-cell panel-grid-cell-mobile-last\" ><div id=\"panel-2558-0-2-0\" class=\"so-panel widget widget_sow-editor panel-first-child panel-last-child\" data-index=\"1\" ><div\n\t\t\t\n\t\t\tclass=\"so-widget-sow-editor so-widget-sow-editor-base\"\n\t\t\t\n\t\t><h3 class=\"widget-title\">O que \u00e9 Fine Art<\/h3>\n<div class=\"siteorigin-widget-tinymce textwidget\">\n\t<p><span style=\"font-weight: 400;\">O termo <strong>Fine Art<\/strong> deriva do conceito atribu\u00eddo \u00e0s <strong>Belas Artes<\/strong>, a express\u00e3o art\u00edstica de \u00e1reas como <em>Arquitetura<\/em>, <em>M\u00fasica<\/em>, <em>Pintura<\/em>, <em>Escultura<\/em>, <em>Dan\u00e7a<\/em>, <em>Teatro e<\/em>\u00a0<em>Literatura<\/em>, no s\u00e9culo XVIII, utilizado na \u00e9poca para enaltecer obras de arte que expressassem um valor e nobreza superiores.<\/span><\/p>\n<p><span style=\"font-weight: 400;\">Hoje, o termo se estende tamb\u00e9m \u00e0 <em>fotografia art\u00edstica<\/em>, que ao contr\u00e1rio da fotografia representacional tradicional, refere-se \u00e0 cria\u00e7\u00e3o de composi\u00e7\u00f5es fotogr\u00e1ficas que expressam as inten\u00e7\u00f5es subjetivas do artista em rela\u00e7\u00e3o \u00e0 imagem, a fim de despertar emo\u00e7\u00f5es e novos conceitos no espectador, permitindo livres interpreta\u00e7\u00f5es, atrav\u00e9s do olhar voltado \u00e0 uma obra de arte.<\/span><\/p>\n<p><span style=\"font-weight: 400;\">Portanto, chamamos de <strong>Fine Art<\/strong> toda obra que envolve um <em>processo de impress\u00e3o digital diferenciado e rigorosamente controlado<\/em>, para que o conte\u00fado original, seja a fotografia, pintura ou arte digital, possa ser reproduzido fielmente em <em>qualidade superior<\/em> (museol\u00f3gica) e com <em>alt\u00edssima longevidade<\/em> (cerca de 100 a 200 anos), de modo a manter suas caracter\u00edsticas intactas.<\/span><\/p>\n<\/div>\n<\/div><\/div><\/div><div id=\"pgc-2558-0-3\"  class=\"panel-grid-cell panel-grid-cell-empty\" ><\/div><\/div><div id=\"pg-2558-1\"  class=\"panel-grid panel-no-style\" ><div id=\"pgc-2558-1-0\"  class=\"panel-grid-cell panel-grid-cell-empty\" ><\/div><div id=\"pgc-2558-1-1\"  class=\"panel-grid-cell\" ><div id=\"panel-2558-1-1-0\" class=\"so-panel widget widget_sow-editor panel-first-child panel-last-child\" data-index=\"2\" ><div\n\t\t\t\n\t\t\tclass=\"so-widget-sow-editor so-widget-sow-editor-base\"\n\t\t\t\n\t\t><h3 class=\"widget-title\">Impress\u00e3o Fine Art<\/h3>\n<div class=\"siteorigin-widget-tinymce textwidget\">\n\t<p>Para uma fotografia ser considerada <strong>Fine Ar<\/strong>t, a obra deve ser impressa em <strong>tintas \u00e0 base de pigmento mineral<\/strong> em pap\u00e9is especiais, feitos com mat\u00e9ria-prima espec\u00edficas e diferenciadas, como <strong>fibras de algod\u00e3o ou alpha-celulose<\/strong>, livres de \u00e1cidos e branqueadores, e pH neutro.<\/p>\n<p>Como por exemplo, os pap\u00e9is da marca Hahnem\u00fchle (produ\u00e7\u00e3o alem\u00e3 desde 1584) ou Canson.<\/p>\n<p>\u00c9 este tipo de impress\u00e3o, Fine Art ou Gicl\u00e9e, que vai garantir uma melhor qualidade de imagem e alt\u00edssima durabilidade, quando utilizada a tecnologia, equipamento, papel e tinta espec\u00edficos.<\/p>\n<p>Trabalhamos junto a fornecedores parceiros de confiabilidade absoluta e id\u00f4nea, que tamb\u00e9m prezam pela qualidade de produ\u00e7\u00e3o, ao utilizarem equipamentos e materiais de alta tecnologia, que conferem excel\u00eancia em todo o processo, de acordo com um padr\u00e3o mundial do mercado Fine Art.<\/p>\n<p>Equipamentos como a &lt;strong&gt;impressora Epson&lt;\/strong&gt;, que utiliza tintas originais \u00e0 base de pigmentos minerais (Epson Ultrachrome K3 ink) como padr\u00e3o Fine Art, por conta de sua maior gama de cores, contrastes e garantia de estabilidade e durabilidade de seus fabricantes de tintas e pap\u00e9is.<\/p>\n<\/div>\n<\/div><\/div><\/div><div id=\"pgc-2558-1-2\"  class=\"panel-grid-cell panel-grid-cell-mobile-last\" ><div id=\"panel-2558-1-2-0\" class=\"so-panel widget widget_sow-editor panel-first-child panel-last-child\" data-index=\"3\" ><div\n\t\t\t\n\t\t\tclass=\"so-widget-sow-editor so-widget-sow-editor-base\"\n\t\t\t\n\t\t>\n<div class=\"siteorigin-widget-tinymce textwidget\">\n\t<\/div>\n<\/div><\/div><\/div><div id=\"pgc-2558-1-3\"  class=\"panel-grid-cell panel-grid-cell-empty\" ><\/div><\/div><div id=\"pg-2558-2\"  class=\"panel-grid panel-no-style\" ><div id=\"pgc-2558-2-0\"  class=\"panel-grid-cell panel-grid-cell-empty\" ><\/div><div id=\"pgc-2558-2-1\"  class=\"panel-grid-cell\" ><div id=\"panel-2558-2-1-0\" class=\"so-panel widget widget_sow-editor panel-first-child panel-last-child\" data-index=\"4\" ><div\n\t\t\t\n\t\t\tclass=\"so-widget-sow-editor so-widget-sow-editor-base\"\n\t\t\t\n\t\t>\n<div class=\"siteorigin-widget-tinymce textwidget\">\n\t<\/div>\n<\/div><\/div><\/div><div id=\"pgc-2558-2-2\"  class=\"panel-grid-cell panel-grid-cell-mobile-last\" ><div id=\"panel-2558-2-2-0\" class=\"so-panel widget widget_sow-editor panel-first-child panel-last-child\" data-index=\"5\" ><div\n\t\t\t\n\t\t\tclass=\"so-widget-sow-editor so-widget-sow-editor-base\"\n\t\t\t\n\t\t><h3 class=\"widget-title\">Tipos de pap\u00e9is Fine Art<\/h3>\n<div class=\"siteorigin-widget-tinymce textwidget\">\n\t<p>Uma obra Fine Art exige impress\u00e3o em papel 100% algod\u00e3o, de fibras nobres e PH neutro, para a impress\u00e3o com o padr\u00e3o museu de qualidade Museum Standards of Fine Art (padr\u00f5es ISO 9706), isto \u00e9, no grau de museu de acordo com os requisitos de galerias e museus, neste caso certificados pela Canson e ou pela Hahnem\u00fchle, ambos com alta longevidade.<\/p>\n<p>Por exemplo, papel de algod\u00e3o ou alpha-celulose para reprodu\u00e7\u00e3o fotogr\u00e1fica ou papel de algod\u00e3o Canvas concebido para ser o mais parecido poss\u00edvel com uma tela de pintura.<\/p>\n<\/div>\n<\/div><\/div><\/div><div id=\"pgc-2558-2-3\"  class=\"panel-grid-cell panel-grid-cell-empty\" ><\/div><\/div><div id=\"pg-2558-3\"  class=\"panel-grid panel-no-style\" ><div id=\"pgc-2558-3-0\"  class=\"panel-grid-cell panel-grid-cell-empty\" ><\/div><div id=\"pgc-2558-3-1\"  class=\"panel-grid-cell\" ><div id=\"panel-2558-3-1-0\" class=\"so-panel widget widget_sow-editor panel-first-child panel-last-child\" data-index=\"6\" ><div\n\t\t\t\n\t\t\tclass=\"so-widget-sow-editor so-widget-sow-editor-base\"\n\t\t\t\n\t\t><h3 class=\"widget-title\">Tipos de tintas<\/h3>\n<div class=\"siteorigin-widget-tinymce textwidget\">\n\t<p><span style=\"font-weight: 400;\">Trabalhamos em parceria ccom est\u00fadios de impress\u00e3o que utilizam impressoras com tintas que, combinadas aos pap\u00e9is Fine Art, proporcionam \u00e0 obra uma durabilidade estimada de 100 anos ou mais, a fim de serem conservadas sob condi\u00e7\u00f5es museol\u00f3gicas, segundo o <em>Wilhelm Imaging Research, Inc.<\/em> (empresa americana com expertise na perman\u00eancia de materiais fotogr\u00e1ficos e de impress\u00e3o digital, que tamb\u00e9m fornece servi\u00e7os de teste e conselhos de conserva\u00e7\u00e3o).\u00a0<\/span><\/p>\n<p><span style=\"font-weight: 400;\">Esse tipo de impressora pulveriza o papel com tintas \u00e0 base de pigmentos minerais, gerando uma deposi\u00e7\u00e3o precisa das tonalidades nos pap\u00e9is certificados e normatizados, de Ph neutro produzidos com alta tecnologia, onde a mat\u00e9ria prima \u00e9 sempre a fibra de algod\u00e3o.\u00a0<\/span><\/p>\n<p><span style=\"font-weight: 400;\">Os pigmentos minerais da tinta t\u00eam grande resist\u00eancia \u00e0 luz, n\u00e3o penetram no papel, por\u00e9m aderem sem se \u201cespalhar\u201d, como na impress\u00e3o a jato. Cada got\u00edcula colocada\u00a0 permanece no local exato, traduzindo em maior nitidez e profundidade de cor.<\/span><\/p>\n<p><span style=\"font-weight: 400;\">Desse modo, nossos parceiros utilizam esses equipamentos espec\u00edficos para a impress\u00e3o fine art.\u00a0<\/span><span style=\"font-weight: 400;\">Como por exemplo, impressoras da marca <strong>EPSON<\/strong>*, que operam com 10 a 12 variedades de tintas, para proporcionar \u00e0 obra sutis grada\u00e7\u00f5es de cores da imagem original reprodu\u00e7\u00e3o fidedigna e consist\u00eancia absoluta, com m\u00e1xima vivacidade de cores e resist\u00eancia ao envelhecimento.<\/span><\/p>\n<p><span style=\"font-weight: 400;\">O processo de impress\u00e3o tamb\u00e9m utiliza monitores de \u00faltima gera\u00e7\u00e3o <strong>BENQ<\/strong>, espectrofot\u00f4metro para calibragem exata de cores, a fim de eliminar subjetividades e diferen\u00e7as entre a vis\u00e3o humana, e um perfil ICC (programa) exato para cada combina\u00e7\u00e3o impressora\/papel.<\/span><\/p>\n<p><span style=\"font-weight: 400;\">(*Impressora Epson SureColor\u00ae P20000, que utiliza tintas UltraChrome\u00ae PRO com 10 tintas)<\/span><\/p>\n<\/div>\n<\/div><\/div><\/div><div id=\"pgc-2558-3-2\"  class=\"panel-grid-cell panel-grid-cell-mobile-last\" ><div id=\"panel-2558-3-2-0\" class=\"so-panel widget widget_sow-editor panel-first-child panel-last-child\" data-index=\"7\" ><div\n\t\t\t\n\t\t\tclass=\"so-widget-sow-editor so-widget-sow-editor-base\"\n\t\t\t\n\t\t>\n<div class=\"siteorigin-widget-tinymce textwidget\">\n\t<\/div>\n<\/div><\/div><\/div><div id=\"pgc-2558-3-3\"  class=\"panel-grid-cell panel-grid-cell-empty\" ><\/div><\/div><div id=\"pg-2558-4\"  class=\"panel-grid panel-no-style\" ><div id=\"pgc-2558-4-0\"  class=\"panel-grid-cell panel-grid-cell-empty\" ><\/div><div id=\"pgc-2558-4-1\"  class=\"panel-grid-cell panel-grid-cell-mobile-last\" ><div id=\"panel-2558-4-1-0\" class=\"so-panel widget widget_sow-image panel-first-child panel-last-child\" data-index=\"8\" ><div\n\t\t\t\n\t\t\tclass=\"so-widget-sow-image so-widget-sow-image-default-c67d20f9f743-2558\"\n\t\t\t\n\t\t>\n\n<div class=\"sow-image-container\">\n\t\t<img src=\"https:\/\/patriciainnocenti.com\/wp-content\/uploads\/2023\/06\/novo-marcas-pip-trans-e1686168580527.png\" width=\"6912\" height=\"1313\" srcset=\"https:\/\/patriciainnocenti.com\/wp-content\/uploads\/2023\/06\/novo-marcas-pip-trans-e1686168580527.png 6912w, https:\/\/patriciainnocenti.com\/wp-content\/uploads\/2023\/06\/novo-marcas-pip-trans-e1686168580527-300x57.png 300w, https:\/\/patriciainnocenti.com\/wp-content\/uploads\/2023\/06\/novo-marcas-pip-trans-e1686168580527-1024x195.png 1024w, https:\/\/patriciainnocenti.com\/wp-content\/uploads\/2023\/06\/novo-marcas-pip-trans-e1686168580527-768x146.png 768w, https:\/\/patriciainnocenti.com\/wp-content\/uploads\/2023\/06\/novo-marcas-pip-trans-e1686168580527-1536x292.png 1536w, https:\/\/patriciainnocenti.com\/wp-content\/uploads\/2023\/06\/novo-marcas-pip-trans-e1686168580527-2048x389.png 2048w, https:\/\/patriciainnocenti.com\/wp-content\/uploads\/2023\/06\/novo-marcas-pip-trans-e1686168580527-600x114.png 600w\" sizes=\"(max-width: 6912px) 100vw, 6912px\" title=\"novo-marcas-pip-trans\" alt=\"\" loading=\"lazy\" \t\tclass=\"so-widget-image\"\/>\n\t<\/div>\n\n<\/div><\/div><\/div><div id=\"pgc-2558-4-2\"  class=\"panel-grid-cell panel-grid-cell-empty\" ><\/div><\/div><\/div>","protected":false},"excerpt":{"rendered":"<p>O termo Fine Art deriva do conceito atribu\u00eddo \u00e0s Belas Artes, a express\u00e3o art\u00edstica de \u00e1reas como Arquitetura, M\u00fasica, Pintura, Escultura, Dan\u00e7a, Teatro e\u00a0Literatura, no s\u00e9culo XVIII, utilizado na \u00e9poca para enaltecer obras de arte que expressassem um valor e nobreza superiores. Hoje, o termo se estende tamb\u00e9m \u00e0 fotografia art\u00edstica, que ao contr\u00e1rio da [&hellip;]<\/p>\n","protected":false},"author":16531,"featured_media":0,"parent":0,"menu_order":0,"comment_status":"closed","ping_status":"closed","template":"","meta":[],"_links":{"self":[{"href":"https:\/\/patriciainnocenti.com\/es\/wp-json\/wp\/v2\/pages\/2558"}],"collection":[{"href":"https:\/\/patriciainnocenti.com\/es\/wp-json\/wp\/v2\/pages"}],"about":[{"href":"https:\/\/patriciainnocenti.com\/es\/wp-json\/wp\/v2\/types\/page"}],"author":[{"embeddable":true,"href":"https:\/\/patriciainnocenti.com\/es\/wp-json\/wp\/v2\/users\/16531"}],"replies":[{"embeddable":true,"href":"https:\/\/patriciainnocenti.com\/es\/wp-json\/wp\/v2\/comments?post=2558"}],"version-history":[{"count":30,"href":"https:\/\/patriciainnocenti.com\/es\/wp-json\/wp\/v2\/pages\/2558\/revisions"}],"predecessor-version":[{"id":2630,"href":"https:\/\/patriciainnocenti.com\/es\/wp-json\/wp\/v2\/pages\/2558\/revisions\/2630"}],"wp:attachment":[{"href":"https:\/\/patriciainnocenti.com\/es\/wp-json\/wp\/v2\/media?parent=2558"}],"curies":[{"name":"wp","href":"https:\/\/api.w.org\/{rel}","templated":true}]}}