{"id":2659,"date":"2023-12-19T10:53:02","date_gmt":"2023-12-19T13:53:02","guid":{"rendered":"https:\/\/patriciainnocenti.com\/?page_id=2659"},"modified":"2023-12-19T11:57:03","modified_gmt":"2023-12-19T14:57:03","slug":"livro-brasil-volume-1","status":"publish","type":"page","link":"https:\/\/patriciainnocenti.com\/en\/livro-brasil-volume-1\/","title":{"rendered":"Livro"},"content":{"rendered":"<div id=\"pl-2659\"  class=\"panel-layout\" ><div id=\"pg-2659-0\"  class=\"panel-grid panel-no-style\" ><div id=\"pgc-2659-0-0\"  class=\"panel-grid-cell panel-grid-cell-empty\" ><\/div><div id=\"pgc-2659-0-1\"  class=\"panel-grid-cell\" ><div id=\"panel-2659-0-1-0\" class=\"so-panel widget widget_sow-image panel-first-child panel-last-child\" data-index=\"0\" ><div class=\"panel-widget-style panel-widget-style-for-2659-0-1-0\" ><div\n\t\t\t\n\t\t\tclass=\"so-widget-sow-image so-widget-sow-image-default-c67d20f9f743-2659\"\n\t\t\t\n\t\t>\n\n<div class=\"sow-image-container\">\n\t\t<img src=\"https:\/\/patriciainnocenti.com\/wp-content\/uploads\/2017\/01\/livro_brasil.jpg\" width=\"332\" height=\"290\" srcset=\"https:\/\/patriciainnocenti.com\/wp-content\/uploads\/2017\/01\/livro_brasil.jpg 332w, https:\/\/patriciainnocenti.com\/wp-content\/uploads\/2017\/01\/livro_brasil-300x262.jpg 300w\" sizes=\"(max-width: 332px) 100vw, 332px\" title=\"Brasil &#8211; Volume 1\" alt=\"\" loading=\"lazy\" \t\tclass=\"so-widget-image\"\/>\n\t<\/div>\n\n<\/div><\/div><\/div><\/div><div id=\"pgc-2659-0-2\"  class=\"panel-grid-cell panel-grid-cell-mobile-last\" ><div id=\"panel-2659-0-2-0\" class=\"so-panel widget widget_sow-editor panel-first-child panel-last-child\" data-index=\"1\" ><div\n\t\t\t\n\t\t\tclass=\"so-widget-sow-editor so-widget-sow-editor-base\"\n\t\t\t\n\t\t>\n<div class=\"siteorigin-widget-tinymce textwidget\">\n\t<h1>Brasil Volume 1<\/h1>\n<p style=\"text-align: justify;\">Ap\u00f3s viajar pelo Brasil registrando cenas que refletem a import\u00e2ncia hist\u00f3rica e cultural dos povos visitados, al\u00e9m das belezas naturais, reuni uma sele\u00e7\u00e3o especial para compor o livro fotogr\u00e1fico Brasil.<\/p>\n<p style=\"text-align: justify;\">As 770 p\u00e1ginas em um formato muito especial, capa dura, destacam a sua originalidade, apresentando textos em portugu\u00eas, ingl\u00eas e espanhol.<\/p>\n<p style=\"text-align: justify;\">A obra vai muito al\u00e9m de retratar cenas tradicionais, mesclando imagens a\u00e9reas e terrestres, e tem como principal objetivo revelar aos leitores brasileiros e estrangeiros cen\u00e1rios que refletem uma parte do Brasil repleto de nuances e diversidade. Um livro \u00fanico que pode ser um excelente souvenir e um delicado presente.<\/p>\n<h2 style=\"text-align: justify;\"><strong>Descri\u00e7\u00e3o:<\/strong><\/h2>\n<p style=\"text-align: justify;\"><strong>Autor:<\/strong> PATRICIA INNOCENTI<br \/>\n<strong>Editora:<\/strong> PIP - PATRICIA INNOCENTI PHOTOGRAPHY<br \/>\n<strong>Edi\u00e7\u00e3o:<\/strong> PORTUGU\u00caS\/ INGL\u00caS\/ ESPANHOL<br \/>\n<strong>ISBN:<\/strong> 9788567002170<br \/>\n<strong>Dimens\u00f5es:<\/strong> 6x6x6 cm<br \/>\n<strong>Capa:<\/strong> CAPA DURA<br \/>\n<strong>Peso:<\/strong> 0,230 kg<br \/>\n<strong>P\u00e1ginas:<\/strong> 770<\/p>\n<h2 style=\"text-align: justify;\"><strong>1a. EDI\u00c7\u00c3O ESGOTADA - 10.000 EXEMPLARES VENDIDOS!<\/strong><\/h2>\n<p><iframe title=\"Livro Brasil Volume I\" width=\"720\" height=\"405\" src=\"https:\/\/www.youtube.com\/embed\/pOnicIc5LiE?feature=oembed\" frameborder=\"0\" allow=\"accelerometer; autoplay; clipboard-write; encrypted-media; gyroscope; picture-in-picture; web-share\" allowfullscreen><\/iframe><\/p>\n<\/div>\n<\/div><\/div><\/div><div id=\"pgc-2659-0-3\"  class=\"panel-grid-cell panel-grid-cell-empty\" ><\/div><\/div><\/div>","protected":false},"excerpt":{"rendered":"<p>Brasil Volume 1 Ap\u00f3s viajar pelo Brasil registrando cenas que refletem a import\u00e2ncia hist\u00f3rica e cultural dos povos visitados, al\u00e9m das belezas naturais, reuni uma sele\u00e7\u00e3o especial para compor o livro fotogr\u00e1fico Brasil. As 770 p\u00e1ginas em um formato muito especial, capa dura, destacam a sua originalidade, apresentando textos em portugu\u00eas, ingl\u00eas e espanhol. A [&hellip;]<\/p>\n","protected":false},"author":16698,"featured_media":0,"parent":0,"menu_order":0,"comment_status":"closed","ping_status":"closed","template":"","meta":[],"_links":{"self":[{"href":"https:\/\/patriciainnocenti.com\/en\/wp-json\/wp\/v2\/pages\/2659"}],"collection":[{"href":"https:\/\/patriciainnocenti.com\/en\/wp-json\/wp\/v2\/pages"}],"about":[{"href":"https:\/\/patriciainnocenti.com\/en\/wp-json\/wp\/v2\/types\/page"}],"author":[{"embeddable":true,"href":"https:\/\/patriciainnocenti.com\/en\/wp-json\/wp\/v2\/users\/16698"}],"replies":[{"embeddable":true,"href":"https:\/\/patriciainnocenti.com\/en\/wp-json\/wp\/v2\/comments?post=2659"}],"version-history":[{"count":10,"href":"https:\/\/patriciainnocenti.com\/en\/wp-json\/wp\/v2\/pages\/2659\/revisions"}],"predecessor-version":[{"id":2671,"href":"https:\/\/patriciainnocenti.com\/en\/wp-json\/wp\/v2\/pages\/2659\/revisions\/2671"}],"wp:attachment":[{"href":"https:\/\/patriciainnocenti.com\/en\/wp-json\/wp\/v2\/media?parent=2659"}],"curies":[{"name":"wp","href":"https:\/\/api.w.org\/{rel}","templated":true}]}}